{"id":146,"date":"2021-06-28T07:17:31","date_gmt":"2021-06-28T07:17:31","guid":{"rendered":"https:\/\/www.proscholar.org\/jcis\/?page_id=146"},"modified":"2021-07-26T15:55:00","modified_gmt":"2021-07-26T15:55:00","slug":"editorial-board","status":"publish","type":"page","link":"https:\/\/www.proscholar.org\/jcis\/editorial-board\/","title":{"rendered":"Editorial Board"},"content":{"rendered":"\n<h3 class=\"has-text-align-center wp-block-heading\"><strong><span style=\"color:#fd9f3a\" class=\"has-inline-color\">Editors-in-chief:<\/span><\/strong><\/h3>\n\n\n\n<p><\/p>\n\n\n\n<p class=\"has-text-align-center\">Co-Editor:<strong>&nbsp;Ion G. Motofei,<\/strong>&nbsp;Carol Davila University, Romania<br>(<a href=\"mailto:igmotofei@proscholar.org\">igmotofei@proscholar.org<\/a>)<\/p>\n\n\n\n<p><\/p>\n\n\n\n<p class=\"has-text-align-center\">Co-Editor:<strong>&nbsp;B\u0103l\u0103l\u0103u Cristian,<\/strong>&nbsp;Carol Davila University, Romania<br>(<a href=\"mailto:cristian.balalau@proscholar.org\">cristian.balalau@proscholar.org<\/a>)<\/p>\n\n\n\n<p><\/p>\n\n\n\n<hr class=\"wp-block-separator\"\/>\n\n\n\n<p><\/p>\n\n\n\n<h5 class=\"wp-block-heading\"><strong>Managing Editor:<\/strong><\/h5>\n\n\n\n<p><\/p>\n\n\n\n<p><strong>R\u0103zvan Sc\u0103una\u0219u,<\/strong>\u00a0Carol Davila University, Ro (<a href=\"mailto:razvan.scaunasu@proscholar.org\">razvan.scaunasu@proscholar.org<\/a>)<\/p>\n\n\n\n<p><\/p>\n\n\n\n<hr class=\"wp-block-separator\"\/>\n\n\n\n<p><\/p>\n\n\n\n<h5 class=\"wp-block-heading\"><strong>Production Editor:<\/strong><\/h5>\n\n\n\n<p><\/p>\n\n\n\n<p><strong>Stana P\u0103unic\u0103,<\/strong>\u00a0Carol Davila University, Romania (<a href=\"mailto:stana.paunica@scholar.ro\">stana.paunica@scholar.ro<\/a>)<\/p>\n\n\n\n<p><\/p>\n\n\n\n<hr class=\"wp-block-separator\"\/>\n\n\n\n<p><\/p>\n\n\n\n<h5 class=\"wp-block-heading\"><strong>Associate Editors:<\/strong><\/h5>\n\n\n\n<p><\/p>\n\n\n\n<p><strong>Stephane Zervoudis,<\/strong>&nbsp;Faculty of Medicine, Ioannina<\/p>\n\n\n\n<p><strong>St\u0103nescu Anca Daniela,<\/strong>&nbsp;Carol Davila University, Romania<\/p>\n\n\n\n<p><strong>\u0218tefan Cristea,<\/strong>\u00a0Carol Davila University, Romania<\/p>\n\n\n\n<p><\/p>\n\n\n\n<hr class=\"wp-block-separator\"\/>\n\n\n\n<p><\/p>\n\n\n\n<p><\/p>\n\n\n\n<h3 class=\"wp-block-heading\"><strong><span style=\"color:#fd9f3a\" class=\"has-inline-color\">Editorial Board:<\/span><\/strong><\/h3>\n\n\n\n<p><\/p>\n\n\n\n<p><\/p>\n\n\n\n<div class=\"wp-block-columns is-layout-flex wp-container-core%2Fcolumns-is-layout-1 wp-block-columns-is-layout-flex\">\n<div class=\"wp-block-column is-layout-flow wp-block-column-is-layout-flow\">\n<ul class=\"wp-block-list\"><li><strong>Viorel Jinga<\/strong>, Carol Davila University, Romania<\/li><li><strong>Ioanel Sinescu<\/strong>, Carol Davila University, Romania<\/li><li><strong>Scarlat Marius<\/strong>, Clinique Saint-Michel, Toulon, France<\/li><li><strong>Friedl Wilhelm<\/strong>, Klinikum Aschaffenburg, Germany<\/li><li><strong>Florian Popa<\/strong>, Carol Davila University, Romania<\/li><li><strong>Emanuele Maria Merlo<\/strong>, University of Messina, Italy<\/li><li><strong>Rocco Antonio Zoccali<\/strong>, University of Messina, Italy<\/li><li><strong>Traean Burco\u0219<\/strong>, Carol Davila University, Romania<\/li><li><strong>Nikola N Vladov<\/strong>, Military Medical Academy of Sofia, Bulgaria<\/li><li><strong>Ioan Cordo\u0219<\/strong>, Carol Davila University, Romania<\/li><li><strong>Gabriel Dimofte<\/strong>, Gh.T.Popa University, Romania<\/li><li><strong>Liana Ple\u0219<\/strong>, Carol Davila University, Romania<\/li><li><strong>Ionica Daniel Vilcea<\/strong>, UMF Craiova, Romania<\/li><li><strong>Anca Pantea Stoian<\/strong>, Carol Davila University, Romania<\/li><li><strong>Cornelia Nitipir<\/strong>, Carol Davila University, Romania<\/li><li><strong>Zlatislav Stoyanov<\/strong>, Medical University of Varna, Bulgaria<\/li><li><strong>Georgica C. Tartea<\/strong>, UMF Craiova, Romania<\/li><li><strong>C\u0103t\u0103lin Baston<\/strong>, Carol Davila University, Romania<\/li><li><strong>Anca Pop<\/strong>, Carol Davila University, Romania<\/li><\/ul>\n<\/div>\n\n\n\n<div class=\"wp-block-column is-layout-flow wp-block-column-is-layout-flow\">\n<ul class=\"wp-block-list\"><li><strong>\u0218tefan Voiculescu<\/strong>, Carol Davila University, Romania<\/li><li><strong>David Rowland<\/strong>, Valparaiso University, USA<\/li><li><strong>Salvatore Settineri<\/strong>, University of Messina, Italy<\/li><li><strong>Oana-Denisa B\u0103l\u0103l\u0103u<\/strong>, Carol Davila University, Romania<\/li><li><strong>Angela Alibrandi<\/strong>, University of Messina, Italy<\/li><li><strong>Izabela Dr\u0103ghici<\/strong>, Carol Davila University, Romania<\/li><li><strong>Cosmin Alec Moldovan<\/strong>, Titu Maiorescu University, Romania<\/li><li><strong>Daniela Baconi<\/strong>, Carol Davila University, Romania<\/li><li><strong>Maria Rosaria Anna Muscatello<\/strong>, University of Messina, Italy<\/li><li><strong>Silviu Stoian<\/strong>, Carol Davila Hospital, Romania<\/li><li><strong>Liviu Dr\u0103ghici<\/strong>, Carol Davila University, Romania<\/li><li><strong>Carolina Negrei<\/strong>, Carol Davila University, Romania<\/li><li><strong>Irina B\u0103lescu<\/strong>, Ponderas Hospital, Romania<\/li><li><strong>Carmen Gorgan<\/strong>, Carol Davila University, Romania<\/li><li><strong>\u0218erban Berte\u0219teanu<\/strong>, Carol Davila University, Romania<\/li><li><strong>Razvan Hainarosie<\/strong>, Carol Davila University, Romania<\/li><li><strong>Radu Jecan<\/strong>, Carol Davila University, Romania<\/li><li><strong>Nicolae Bacalba\u0219a<\/strong>, Carol Davila University, Romania<\/li><li><strong>Mihnea Orghidan<\/strong>, Marius Nasta Hospital, Romania<\/li><\/ul>\n<\/div>\n<\/div>\n","protected":false},"excerpt":{"rendered":"<p>Editors-in-chief: Co-Editor:&nbsp;Ion G. Motofei,&nbsp;Carol Davila University, Romania(igmotofei@proscholar.org) Co-Editor:&nbsp;B\u0103l\u0103l\u0103u Cristian,&nbsp;Carol Davila University, Romania(cristian.balalau@proscholar.org) Managing Editor: R\u0103zvan Sc\u0103una\u0219u,\u00a0Carol Davila University, Ro (razvan.scaunasu@proscholar.org) Production Editor: Stana P\u0103unic\u0103,\u00a0Carol Davila University, Romania (stana.paunica@scholar.ro) Associate Editors: Stephane Zervoudis,&nbsp;Faculty of Medicine, Ioannina St\u0103nescu Anca Daniela,&nbsp;Carol Davila University, Romania \u0218tefan Cristea,\u00a0Carol Davila University, Romania Editorial Board: Viorel Jinga, Carol Davila University, Romania Ioanel [&hellip;]<\/p>\n","protected":false},"author":1,"featured_media":0,"parent":0,"menu_order":4,"comment_status":"closed","ping_status":"closed","template":"","meta":{"_et_pb_use_builder":"","_et_pb_old_content":"","_et_gb_content_width":"","footnotes":""},"publication_category":[],"class_list":["post-146","page","type-page","status-publish","hentry"],"yoast_head":"<!-- This site is optimized with the Yoast SEO plugin v24.0 - https:\/\/yoast.com\/wordpress\/plugins\/seo\/ -->\n<title>Editorial Board - JCIS<\/title>\n<meta name=\"robots\" content=\"index, follow, max-snippet:-1, max-image-preview:large, max-video-preview:-1\" \/>\n<link rel=\"canonical\" href=\"https:\/\/www.proscholar.org\/jcis\/editorial-board\/\" \/>\n<meta property=\"og:locale\" content=\"en_US\" \/>\n<meta property=\"og:type\" content=\"article\" \/>\n<meta property=\"og:title\" content=\"Editorial Board - JCIS\" \/>\n<meta property=\"og:description\" content=\"Editors-in-chief: Co-Editor:&nbsp;Ion G. Motofei,&nbsp;Carol Davila University, Romania(igmotofei@proscholar.org) Co-Editor:&nbsp;B\u0103l\u0103l\u0103u Cristian,&nbsp;Carol Davila University, Romania(cristian.balalau@proscholar.org) Managing Editor: R\u0103zvan Sc\u0103una\u0219u,\u00a0Carol Davila University, Ro (razvan.scaunasu@proscholar.org) Production Editor: Stana P\u0103unic\u0103,\u00a0Carol Davila University, Romania (stana.paunica@scholar.ro) Associate Editors: Stephane Zervoudis,&nbsp;Faculty of Medicine, Ioannina St\u0103nescu Anca Daniela,&nbsp;Carol Davila University, Romania \u0218tefan Cristea,\u00a0Carol Davila University, Romania Editorial Board: Viorel Jinga, Carol Davila University, Romania Ioanel [&hellip;]\" \/>\n<meta property=\"og:url\" content=\"https:\/\/www.proscholar.org\/jcis\/editorial-board\/\" \/>\n<meta property=\"og:site_name\" content=\"JCIS\" \/>\n<meta property=\"article:modified_time\" content=\"2021-07-26T15:55:00+00:00\" \/>\n<meta name=\"twitter:card\" content=\"summary_large_image\" \/>\n<meta name=\"twitter:label1\" content=\"Est. reading time\" \/>\n\t<meta name=\"twitter:data1\" content=\"1 minute\" \/>\n<script type=\"application\/ld+json\" class=\"yoast-schema-graph\">{\"@context\":\"https:\/\/schema.org\",\"@graph\":[{\"@type\":\"WebPage\",\"@id\":\"https:\/\/www.proscholar.org\/jcis\/editorial-board\/\",\"url\":\"https:\/\/www.proscholar.org\/jcis\/editorial-board\/\",\"name\":\"Editorial Board - JCIS\",\"isPartOf\":{\"@id\":\"https:\/\/www.proscholar.org\/jcis\/#website\"},\"datePublished\":\"2021-06-28T07:17:31+00:00\",\"dateModified\":\"2021-07-26T15:55:00+00:00\",\"breadcrumb\":{\"@id\":\"https:\/\/www.proscholar.org\/jcis\/editorial-board\/#breadcrumb\"},\"inLanguage\":\"en-US\",\"potentialAction\":[{\"@type\":\"ReadAction\",\"target\":[\"https:\/\/www.proscholar.org\/jcis\/editorial-board\/\"]}]},{\"@type\":\"BreadcrumbList\",\"@id\":\"https:\/\/www.proscholar.org\/jcis\/editorial-board\/#breadcrumb\",\"itemListElement\":[{\"@type\":\"ListItem\",\"position\":1,\"name\":\"Home\",\"item\":\"https:\/\/www.proscholar.org\/jcis\/\"},{\"@type\":\"ListItem\",\"position\":2,\"name\":\"Editorial Board\"}]},{\"@type\":\"WebSite\",\"@id\":\"https:\/\/www.proscholar.org\/jcis\/#website\",\"url\":\"https:\/\/www.proscholar.org\/jcis\/\",\"name\":\"JCIS\",\"description\":\"Journal of Clinical and Investigative Surgery\",\"potentialAction\":[{\"@type\":\"SearchAction\",\"target\":{\"@type\":\"EntryPoint\",\"urlTemplate\":\"https:\/\/www.proscholar.org\/jcis\/?s={search_term_string}\"},\"query-input\":{\"@type\":\"PropertyValueSpecification\",\"valueRequired\":true,\"valueName\":\"search_term_string\"}}],\"inLanguage\":\"en-US\"}]}<\/script>\n<!-- \/ Yoast SEO plugin. -->","yoast_head_json":{"title":"Editorial Board - JCIS","robots":{"index":"index","follow":"follow","max-snippet":"max-snippet:-1","max-image-preview":"max-image-preview:large","max-video-preview":"max-video-preview:-1"},"canonical":"https:\/\/www.proscholar.org\/jcis\/editorial-board\/","og_locale":"en_US","og_type":"article","og_title":"Editorial Board - JCIS","og_description":"Editors-in-chief: Co-Editor:&nbsp;Ion G. Motofei,&nbsp;Carol Davila University, Romania(igmotofei@proscholar.org) Co-Editor:&nbsp;B\u0103l\u0103l\u0103u Cristian,&nbsp;Carol Davila University, Romania(cristian.balalau@proscholar.org) Managing Editor: R\u0103zvan Sc\u0103una\u0219u,\u00a0Carol Davila University, Ro (razvan.scaunasu@proscholar.org) Production Editor: Stana P\u0103unic\u0103,\u00a0Carol Davila University, Romania (stana.paunica@scholar.ro) Associate Editors: Stephane Zervoudis,&nbsp;Faculty of Medicine, Ioannina St\u0103nescu Anca Daniela,&nbsp;Carol Davila University, Romania \u0218tefan Cristea,\u00a0Carol Davila University, Romania Editorial Board: Viorel Jinga, Carol Davila University, Romania Ioanel [&hellip;]","og_url":"https:\/\/www.proscholar.org\/jcis\/editorial-board\/","og_site_name":"JCIS","article_modified_time":"2021-07-26T15:55:00+00:00","twitter_card":"summary_large_image","twitter_misc":{"Est. reading time":"1 minute"},"schema":{"@context":"https:\/\/schema.org","@graph":[{"@type":"WebPage","@id":"https:\/\/www.proscholar.org\/jcis\/editorial-board\/","url":"https:\/\/www.proscholar.org\/jcis\/editorial-board\/","name":"Editorial Board - JCIS","isPartOf":{"@id":"https:\/\/www.proscholar.org\/jcis\/#website"},"datePublished":"2021-06-28T07:17:31+00:00","dateModified":"2021-07-26T15:55:00+00:00","breadcrumb":{"@id":"https:\/\/www.proscholar.org\/jcis\/editorial-board\/#breadcrumb"},"inLanguage":"en-US","potentialAction":[{"@type":"ReadAction","target":["https:\/\/www.proscholar.org\/jcis\/editorial-board\/"]}]},{"@type":"BreadcrumbList","@id":"https:\/\/www.proscholar.org\/jcis\/editorial-board\/#breadcrumb","itemListElement":[{"@type":"ListItem","position":1,"name":"Home","item":"https:\/\/www.proscholar.org\/jcis\/"},{"@type":"ListItem","position":2,"name":"Editorial Board"}]},{"@type":"WebSite","@id":"https:\/\/www.proscholar.org\/jcis\/#website","url":"https:\/\/www.proscholar.org\/jcis\/","name":"JCIS","description":"Journal of Clinical and Investigative Surgery","potentialAction":[{"@type":"SearchAction","target":{"@type":"EntryPoint","urlTemplate":"https:\/\/www.proscholar.org\/jcis\/?s={search_term_string}"},"query-input":{"@type":"PropertyValueSpecification","valueRequired":true,"valueName":"search_term_string"}}],"inLanguage":"en-US"}]}},"_links":{"self":[{"href":"https:\/\/www.proscholar.org\/jcis\/wp-json\/wp\/v2\/pages\/146","targetHints":{"allow":["GET"]}}],"collection":[{"href":"https:\/\/www.proscholar.org\/jcis\/wp-json\/wp\/v2\/pages"}],"about":[{"href":"https:\/\/www.proscholar.org\/jcis\/wp-json\/wp\/v2\/types\/page"}],"author":[{"embeddable":true,"href":"https:\/\/www.proscholar.org\/jcis\/wp-json\/wp\/v2\/users\/1"}],"replies":[{"embeddable":true,"href":"https:\/\/www.proscholar.org\/jcis\/wp-json\/wp\/v2\/comments?post=146"}],"version-history":[{"count":6,"href":"https:\/\/www.proscholar.org\/jcis\/wp-json\/wp\/v2\/pages\/146\/revisions"}],"predecessor-version":[{"id":152,"href":"https:\/\/www.proscholar.org\/jcis\/wp-json\/wp\/v2\/pages\/146\/revisions\/152"}],"wp:attachment":[{"href":"https:\/\/www.proscholar.org\/jcis\/wp-json\/wp\/v2\/media?parent=146"}],"wp:term":[{"taxonomy":"publication_category","embeddable":true,"href":"https:\/\/www.proscholar.org\/jcis\/wp-json\/wp\/v2\/publication_category?post=146"}],"curies":[{"name":"wp","href":"https:\/\/api.w.org\/{rel}","templated":true}]}}